{"id":824,"date":"2022-04-26T10:58:33","date_gmt":"2022-04-26T10:58:33","guid":{"rendered":"https:\/\/5-56.eu\/hem\/"},"modified":"2024-03-12T13:34:00","modified_gmt":"2024-03-12T13:34:00","slug":"hem","status":"publish","type":"page","link":"https:\/\/5-56.eu\/sv\/","title":{"rendered":"Hem"},"content":{"rendered":"<section id=\"hero-homepage-block_7ef99ea7cde31abf7292304641b71a28\" class=\"block hero-homepage\">\n\t<div class=\"container\">\n\t\t<div class=\"side-wrapper\">\n\t\t\t<div class=\"left-side\">\n\t\t\t\t<div class=\"image-wrapper\">\n\t\t\t\t\t<img loading=\"lazy\" decoding=\"async\" width=\"429\" height=\"703\" src=\"https:\/\/5-56.eu\/wp-content\/uploads\/2022\/06\/crc-spray.png\" class=\"attachment-full size-full\" alt=\"\" \/>\t\t\t\t<\/div>\n\t\t\t<\/div> <!-- \/left-side -->\n\t\t\t<div class=\"right-side\">\n\t\t\t\t<div class=\"image-wrapper\">\n\t\t\t\t\t<img loading=\"lazy\" decoding=\"async\" width=\"935\" height=\"1088\" src=\"https:\/\/5-56.eu\/wp-content\/uploads\/2022\/06\/hero-grid.png\" class=\"attachment-full size-full\" alt=\"\" \/>\t\t\t\t<\/div>\n\t\t\t<\/div> <!-- \/right-side -->\n\t\t<\/div>\n\t\t<div class=\"content-wrapper editor-content\">\n\t\t\t<div class=\"inner-container\">\n\t\t\t\t<div class=\"title-wrapper\">\n\t\t\t\t\t<h1>crc 5-56 Livet ska vara enkelt<\/h1>\n\t\t\t\t<\/div>\n\n\t\t\t\t<div class=\"content-inner\">\n\t\t\t\t\t<p>Det tycker vi p\u00e5 CRC. G\u00e5ngj\u00e4rn ska inte beh\u00f6va gnissla, cykelkedjor rosta eller barnvagnshjul knarra &#8211; n\u00e4r det finns en enkel l\u00f6sning. Sm\u00f6rjmedel, rostl\u00f6sare, rostskydd, reng\u00f6ringsspray \u2013 kalla det vad du vill.  \r\nVi kallar det 5-56.<\/p>\n\t\t\t\t\t<a class=\"btn btn-primary btn-sm\" href=\"https:\/\/5-56.eu\/sv\/aterforsaljare\/\" title=\"Jag vill k\u00f6pa 5-56!\" target=\"\">Jag vill k\u00f6pa 5-56!<\/a>\n\t\t\t\t<\/div>\n\t\t\t<\/div>\n\t\t<\/div>\n\t<\/div>\n<\/section>\n\n<section id=\"video-carousel-block_31aa795c923250436dfd864e57ab3989\" class=\"block video-carousel\">\n\t<div class=\"container\">\n\n\t\t<h4 class=\"video-carousel__header section-title\">Uppt\u00e4ck v\u00e5ra produkter<\/h4>\n\t\t\t\t<div class=\"video-carousel__carousel glide\">\n\t\t\t<div data-glide-el=\"track\" class=\"glide__track\">\n\t\t\t\t<div class=\"glide__slides\">\n\n\t\t\t\t\n\t\t\t\t\t<div class=\"glide__slide\">\n\t\t\t\t\t\t<figure class=\"video-carousel__video\"><a href=\"https:\/\/www.youtube.com\/watch?v=NJTvHJ2tGRo\" target=\"_blank\" data-fancybox title=\"Play video\"><button class=\"play-btn\"><\/button><img decoding=\"async\" src=\"https:\/\/img.youtube.com\/vi\/NJTvHJ2tGRo\/maxresdefault.jpg\" referrerpolicy=\"strict-origin-when-cross-origin\" alt=\"\" \/><\/a><div class=\"video-overlay\"><\/div><div class=\"video-title\"><span class=\"video-title__number\">01<\/span><span class=\"video-title__title\">Bike Clean<\/span><\/div><\/figure>\t\t\t\t\t<\/div>\n\t\t\t\t\n\t\t\t\t\t<div class=\"glide__slide\">\n\t\t\t\t\t\t<figure class=\"video-carousel__video\"><a href=\"https:\/\/www.youtube.com\/watch?v=hmEroaWmE7w\" target=\"_blank\" data-fancybox title=\"Play video\"><button class=\"play-btn\"><\/button><img decoding=\"async\" src=\"https:\/\/img.youtube.com\/vi\/hmEroaWmE7w\/maxresdefault.jpg\" referrerpolicy=\"strict-origin-when-cross-origin\" alt=\"\" \/><\/a><div class=\"video-overlay\"><\/div><div class=\"video-title\"><span class=\"video-title__number\">02<\/span><span class=\"video-title__title\">Wipes<\/span><\/div><\/figure>\t\t\t\t\t<\/div>\n\t\t\t\t\n\t\t\t\t\t<div class=\"glide__slide\">\n\t\t\t\t\t\t<figure class=\"video-carousel__video\"><a href=\"https:\/\/www.youtube.com\/watch?v=I5aU0DiNJUg\" target=\"_blank\" data-fancybox title=\"Play video\"><button class=\"play-btn\"><\/button><img decoding=\"async\" src=\"https:\/\/img.youtube.com\/vi\/I5aU0DiNJUg\/maxresdefault.jpg\" referrerpolicy=\"strict-origin-when-cross-origin\" alt=\"\" \/><\/a><div class=\"video-overlay\"><\/div><div class=\"video-title\"><span class=\"video-title__number\">03<\/span><span class=\"video-title__title\">Nadine &#8211; Super longterm<\/span><\/div><\/figure>\t\t\t\t\t<\/div>\n\t\t\t\t\n\t\t\t\t\t<div class=\"glide__slide\">\n\t\t\t\t\t\t<figure class=\"video-carousel__video\"><a href=\"https:\/\/www.youtube.com\/watch?v=ZGGRr0tOJOc\" target=\"_blank\" data-fancybox title=\"Play video\"><button class=\"play-btn\"><\/button><img decoding=\"async\" src=\"https:\/\/img.youtube.com\/vi\/ZGGRr0tOJOc\/maxresdefault.jpg\" referrerpolicy=\"strict-origin-when-cross-origin\" alt=\"\" \/><\/a><div class=\"video-overlay\"><\/div><div class=\"video-title\"><span class=\"video-title__number\">04<\/span><span class=\"video-title__title\">Nadine &#8211; Wipes <\/span><\/div><\/figure>\t\t\t\t\t<\/div>\n\t\t\t\t\n\t\t\t\t\t<div class=\"glide__slide\">\n\t\t\t\t\t\t<figure class=\"video-carousel__video\"><a href=\"https:\/\/www.youtube.com\/watch?v=2TCybhsRa8E\" target=\"_blank\" data-fancybox title=\"Play video\"><button class=\"play-btn\"><\/button><img decoding=\"async\" src=\"https:\/\/img.youtube.com\/vi\/2TCybhsRa8E\/maxresdefault.jpg\" referrerpolicy=\"strict-origin-when-cross-origin\" alt=\"\" \/><\/a><div class=\"video-overlay\"><\/div><div class=\"video-title\"><span class=\"video-title__number\">05<\/span><span class=\"video-title__title\">Nadine &#8211; Bike oil<\/span><\/div><\/figure>\t\t\t\t\t<\/div>\n\t\t\t\t\n\t\t\t\t\t<div class=\"glide__slide\">\n\t\t\t\t\t\t<figure class=\"video-carousel__video\"><a href=\"https:\/\/www.youtube.com\/watch?v=Rhbbu0K1_lw\" target=\"_blank\" data-fancybox title=\"Play video\"><button class=\"play-btn\"><\/button><img decoding=\"async\" src=\"https:\/\/img.youtube.com\/vi\/Rhbbu0K1_lw\/maxresdefault.jpg\" referrerpolicy=\"strict-origin-when-cross-origin\" alt=\"\" \/><\/a><div class=\"video-overlay\"><\/div><div class=\"video-title\"><span class=\"video-title__number\">06<\/span><span class=\"video-title__title\">Nadine &#8211; 5-56<\/span><\/div><\/figure>\t\t\t\t\t<\/div>\n\t\t\t\t\n\t\t\t\t\t<div class=\"glide__slide\">\n\t\t\t\t\t\t<figure class=\"video-carousel__video\"><a href=\"https:\/\/www.youtube.com\/watch?v=GVVsPJiuYA4\" target=\"_blank\" data-fancybox title=\"Play video\"><button class=\"play-btn\"><\/button><img decoding=\"async\" src=\"https:\/\/img.youtube.com\/vi\/GVVsPJiuYA4\/maxresdefault.jpg\" referrerpolicy=\"strict-origin-when-cross-origin\" alt=\"\" \/><\/a><div class=\"video-overlay\"><\/div><div class=\"video-title\"><span class=\"video-title__number\">07<\/span><span class=\"video-title__title\">Nadine &#8211; Power Clean<\/span><\/div><\/figure>\t\t\t\t\t<\/div>\n\t\t\t\t\n\t\t\t\t\t<div class=\"glide__slide\">\n\t\t\t\t\t\t<figure class=\"video-carousel__video\"><a href=\"https:\/\/www.youtube.com\/watch?v=8gJDzd8YnJM\" target=\"_blank\" data-fancybox title=\"Play video\"><button class=\"play-btn\"><\/button><img decoding=\"async\" src=\"https:\/\/img.youtube.com\/vi\/8gJDzd8YnJM\/maxresdefault.jpg\" referrerpolicy=\"strict-origin-when-cross-origin\" alt=\"\" \/><\/a><div class=\"video-overlay\"><\/div><div class=\"video-title\"><span class=\"video-title__number\">08<\/span><span class=\"video-title__title\">5-56 Stadsgirot <\/span><\/div><\/figure>\t\t\t\t\t<\/div>\n\t\t\t\t\n\t\t\t\t\t<div class=\"glide__slide\">\n\t\t\t\t\t\t<figure class=\"video-carousel__video\"><a href=\"https:\/\/www.youtube.com\/watch?v=428KhT--1f8\" target=\"_blank\" data-fancybox title=\"Play video\"><button class=\"play-btn\"><\/button><img decoding=\"async\" src=\"https:\/\/img.youtube.com\/vi\/428KhT--1f8\/maxresdefault.jpg\" referrerpolicy=\"strict-origin-when-cross-origin\" alt=\"\" \/><\/a><div class=\"video-overlay\"><\/div><div class=\"video-title\"><span class=\"video-title__number\">09<\/span><span class=\"video-title__title\">Squeaky<\/span><\/div><\/figure>\t\t\t\t\t<\/div>\n\t\t\t\t\n\t\t\t\t\t<div class=\"glide__slide\">\n\t\t\t\t\t\t<figure class=\"video-carousel__video\"><a href=\"https:\/\/www.youtube.com\/watch?v=WAszkJsbI0o\" target=\"_blank\" data-fancybox title=\"Play video\"><button class=\"play-btn\"><\/button><img decoding=\"async\" src=\"https:\/\/img.youtube.com\/vi\/WAszkJsbI0o\/maxresdefault.jpg\" referrerpolicy=\"strict-origin-when-cross-origin\" alt=\"\" \/><\/a><div class=\"video-overlay\"><\/div><div class=\"video-title\"><span class=\"video-title__number\">10<\/span><span class=\"video-title__title\">New style shorts \u2013 Maintain bike<\/span><\/div><\/figure>\t\t\t\t\t<\/div>\n\t\t\t\t\n\t\t\t\t\t<div class=\"glide__slide\">\n\t\t\t\t\t\t<figure class=\"video-carousel__video\"><a href=\"https:\/\/www.youtube.com\/watch?v=DNSpuGQjKJM\" target=\"_blank\" data-fancybox title=\"Play video\"><button class=\"play-btn\"><\/button><img decoding=\"async\" src=\"https:\/\/img.youtube.com\/vi\/DNSpuGQjKJM\/maxresdefault.jpg\" referrerpolicy=\"strict-origin-when-cross-origin\" alt=\"\" \/><\/a><div class=\"video-overlay\"><\/div><div class=\"video-title\"><span class=\"video-title__number\">11<\/span><span class=\"video-title__title\">New style shorts \u2013 Babystroller<\/span><\/div><\/figure>\t\t\t\t\t<\/div>\n\t\t\t\t\n\t\t\t\t\t<div class=\"glide__slide\">\n\t\t\t\t\t\t<figure class=\"video-carousel__video\"><a href=\"https:\/\/www.youtube.com\/watch?v=0mih1FrACzM\" target=\"_blank\" data-fancybox title=\"Play video\"><button class=\"play-btn\"><\/button><img decoding=\"async\" src=\"https:\/\/img.youtube.com\/vi\/0mih1FrACzM\/maxresdefault.jpg\" referrerpolicy=\"strict-origin-when-cross-origin\" alt=\"\" \/><\/a><div class=\"video-overlay\"><\/div><div class=\"video-title\"><span class=\"video-title__number\">12<\/span><span class=\"video-title__title\">New style shorts \u2013 Lawnmower<\/span><\/div><\/figure>\t\t\t\t\t<\/div>\n\t\t\t\t\t\t\t\t\t\n\t\t\t\t<\/div>\n\t\t\t<\/div>\n\n\t\t\t<div class=\"video-carousel__controls\" data-glide-el=\"controls[nav]\">\n\t\t\t\t<div class=\"video-carousel__controls--arrows\" data-glide-el=\"controls\">\n\t\t\t\t\t<i class=\"icon-arrow-right previous\" data-glide-dir=\"&lt;\"><\/i>\n\t\t\t\t\t<i class=\"icon-arrow-right next\" data-glide-dir=\"&gt;\"><\/i>\n\t\t\t\t<\/div>\n\t\t\t<\/div>\n\t\t<\/div>\n\t\t\n\t<\/div>\n<\/section>\n\n<section id=\"how-use-block_631f2cd7a04ec\" class=\"block how-use\">\n\t<div class=\"container\">\n\t\t<div class=\"title-wrapper\">\n\t\t\t<h4 class=\"section-title\">Hur anva\u0308nder jag 5-56?<\/h4>\n\t\t<\/div>\n\t\t<div class=\"glide-wrapper\">\n\t\t\t<div class=\"glide js-how-use-glide\">\n\t\t\t\t<div class=\"glide__track\" data-glide-el=\"track\">\n\t\t\t\t\t<div class=\"step-wrapper glide__slides\">\n\t\t\t\t\t\t\n\t\t\t\t\t\t\t\t<div class=\"glide__slide step-card bg-pink color\" >\n\t\t\t\t\t\t\t\t\t\t\t\t\t\t\t\t\t\t\t<div class=\"image-wrapper\">\n\t\t\t\t\t\t\t\t\t\t\t<img loading=\"lazy\" decoding=\"async\" width=\"399\" height=\"343\" src=\"https:\/\/5-56.eu\/wp-content\/uploads\/2022\/06\/doors.jpg\" class=\"attachment-full size-full\" alt=\"\" \/>\t\t\t\t\t\t\t\t\t\t<\/div>\n\t\t\t\t\t\t\t\t\t\t\t\t\t\t\t\t\t\t<div class=\"content-wrapper editor-content\">\n\t\t\t\t\t\t\t\t\t\t\t\t\t\t\t\t\t\t\t\t\t\t\t\t\t\t\t\t\t\t\t\t<a class=\"link black\" href=\"https:\/\/5-56.eu\/sv\/anvandningstips\/\" title=\"https:\/\/5-56.eu\/sv\/anvandningstips\/\" target=\"\">\n\t\t\t\t\t\t\t\t\t\t\t\t<i class='icon-arrow-right'><\/i>\n\t\t\t\t\t\t\t\t\t\t\t<\/a>\n\t\t\t\t\t\t\t\t\t\t\t\t\t\t\t\t\t\t\t\t<p class=\"how-use-nr-black\">01.<\/p>\n<h4 class=\"how-use-title-black\">Sm\u00f6rjmedel<\/h4>\n<p>Anva\u0308nd 5-56 som smo\u0308rjmedel till din MC, barnvagn och mycket mer. Vi lovar, det fungerar som magi.<\/p>\n\t\t\t\t\t\t\t\t\t<\/div>\n\t\t\t\t\t\t\t\t<\/div>\n\t\t\t\t\t\t\t\t\n\t\t\t\t\t\t\t\t<div class=\"glide__slide step-card bg-light-blue color\" >\n\t\t\t\t\t\t\t\t\t\t\t\t\t\t\t\t\t\t\t<div class=\"image-wrapper\">\n\t\t\t\t\t\t\t\t\t\t\t<img loading=\"lazy\" decoding=\"async\" width=\"283\" height=\"245\" src=\"https:\/\/5-56.eu\/wp-content\/uploads\/2022\/06\/car-e1657701629683.jpg\" class=\"attachment-full size-full\" alt=\"\" \/>\t\t\t\t\t\t\t\t\t\t<\/div>\n\t\t\t\t\t\t\t\t\t\t\t\t\t\t\t\t\t\t<div class=\"content-wrapper editor-content\">\n\t\t\t\t\t\t\t\t\t\t\t\t\t\t\t\t\t\t\t\t\t\t\t\t\t\t\t\t\t\t\t\t<a class=\"link black\" href=\"https:\/\/5-56.eu\/sv\/anvandningstips\/\" title=\"https:\/\/5-56.eu\/sv\/anvandningstips\/\" target=\"\">\n\t\t\t\t\t\t\t\t\t\t\t\t<i class='icon-arrow-right'><\/i>\n\t\t\t\t\t\t\t\t\t\t\t<\/a>\n\t\t\t\t\t\t\t\t\t\t\t\t\t\t\t\t\t\t\t\t<p class=\"how-use-nr-black\">02.<\/p>\n<h4 class=\"how-use-title-black\">Rostl\u00f6sare &#038; Rostskydd<\/h4>\n<p>Ta hand om sakerna du a\u0308lskar med 5-56 och se till att bilen, cykeln eller golfklubborna ha\u030aller sig fria fra\u030an rost.<\/p>\n\t\t\t\t\t\t\t\t\t<\/div>\n\t\t\t\t\t\t\t\t<\/div>\n\t\t\t\t\t\t\t\t\n\t\t\t\t\t\t\t\t<div class=\"glide__slide step-card bg-turquoise color\" >\n\t\t\t\t\t\t\t\t\t\t\t\t\t\t\t\t\t\t\t<div class=\"image-wrapper\">\n\t\t\t\t\t\t\t\t\t\t\t<img loading=\"lazy\" decoding=\"async\" width=\"399\" height=\"343\" src=\"https:\/\/5-56.eu\/wp-content\/uploads\/2022\/06\/children.jpg\" class=\"attachment-full size-full\" alt=\"\" \/>\t\t\t\t\t\t\t\t\t\t<\/div>\n\t\t\t\t\t\t\t\t\t\t\t\t\t\t\t\t\t\t<div class=\"content-wrapper editor-content\">\n\t\t\t\t\t\t\t\t\t\t\t\t\t\t\t\t\t\t\t\t\t\t\t\t\t\t\t\t\t\t\t\t<a class=\"link black\" href=\"https:\/\/5-56.eu\/sv\/anvandningstips\/\" title=\"https:\/\/5-56.eu\/sv\/anvandningstips\/\" target=\"\">\n\t\t\t\t\t\t\t\t\t\t\t\t<i class='icon-arrow-right'><\/i>\n\t\t\t\t\t\t\t\t\t\t\t<\/a>\n\t\t\t\t\t\t\t\t\t\t\t\t\t\t\t\t\t\t\t\t<p class=\"how-use-nr-black\">03.<\/p>\n<h4 class=\"how-use-title-black\">Reng\u00f6ringsspray<\/h4>\n<p>Dags fo\u0308r flyttsta\u0308d? Vi vet hur du fa\u030ar bort klisterma\u0308rken pa\u030a do\u0308rren eller fa\u0308rg fra\u030an kritor pa\u030a golvet. 5-56, en riktig ra\u0308ddare i no\u0308den.<\/p>\n\t\t\t\t\t\t\t\t\t<\/div>\n\t\t\t\t\t\t\t\t<\/div>\n\t\t\t\t\t\t\t\t\t\t\t\t\t<\/div>\n\t\t\t\t<\/div>\n\t\t\t<\/div>\n\t\t<\/div>\n\t\t\t\t\t<div class=\"go-to-link-wrapper\">\n\t\t\t\t<a class=\"go-to-link\" href=\"https:\/\/5-56.eu\/sv\/anvandningstips\/\" title=\"Anva\u0308ndningstips\" target=\"\">Anva\u0308ndningstips <span class=\"icon-wrapper\"><i class=\"icon-arrow-right\"><\/i><\/span><\/a>\n\t\t\t<\/div>\n\t\t\t<\/div>\n<\/section>\n\n<section id=\"two-column-image-block_f9b2f2535126f1749a5c6832d8db5089\" class=\"block two-column-image two-column-image--content-middle two-column-image--image-right\">\n\n\t<div class=\"two-column-image__container\">\n\n\t\t<article class=\"two-column-image__content\">\n\t\t\t<div class=\"editor-content\">\n\t\t\t\t<h3 class=\"how-use-title-black\">CRC 5-56 multispray<\/h3>\n<p class=\"dark-text\">L\u00f6sningen till (n\u00e4stan) allt.<\/p>\n<p>5-56 \u00e4r den ultimata produkten att ha hemma. Den hj\u00e4lper dig med allt ifr\u00e5n att skydda verktyg i f\u00f6rr\u00e5det inf\u00f6r vintern till att f\u00e5 bort f\u00e4rgskrap p\u00e5 din bil. Med 5-56 \u00e4r anv\u00e4ndningsomr\u00e5dena o\u00e4ndliga.<\/p>\n<p><a class=\"btn btn-primary btn-sm\" href=\"https:\/\/5-56.eu\/sv\/anvandningstips\/\">Anv\u00e4ndningstips<\/a><\/p>\n\t\t\t\t\t\t\t<\/div>\n\t\t<\/article>\n\n\t\t<figure class=\"two-column-image__image\">\n\t\t\t<img loading=\"lazy\" decoding=\"async\" width=\"1172\" height=\"606\" src=\"https:\/\/5-56.eu\/wp-content\/uploads\/2022\/06\/multispray-on-podium.jpg\" class=\"attachment-full size-full\" alt=\"\" \/>\t\t<\/figure>\n\n\t<\/div>\n<\/section>\n\n<section id=\"how-use-block_2dbcea791323207308e33d35ef717dc6\" class=\"block how-use\">\n\t<div class=\"container\">\n\t\t<div class=\"title-wrapper\">\n\t\t\t<h4 class=\"section-title\">Vad h\u00e4nder?<\/h4>\n\t\t<\/div>\n\t\t<div class=\"glide-wrapper\">\n\t\t\t<div class=\"glide js-how-use-glide\">\n\t\t\t\t<div class=\"glide__track\" data-glide-el=\"track\">\n\t\t\t\t\t<div class=\"step-wrapper glide__slides\">\n\t\t\t\t\t\t\n\t\t\t\t\t\t\t\t<div class=\"glide__slide step-card  image\" style='background-image: url(https:\/\/5-56.eu\/wp-content\/uploads\/2022\/08\/nadine-kamark-1.jpg)'>\n\t\t\t\t\t\t\t\t\t\t\t\t\t\t\t\t\t\t<div class=\"content-wrapper editor-content\">\n\t\t\t\t\t\t\t\t\t\t\t\t\t\t\t\t\t\t\t\t\t\t\t\t\t\t\t\t\t\t\t\t<a class=\"link white\" href=\"https:\/\/5-56.eu\/sv\/media\/#nadinekamark\" title=\"https:\/\/5-56.eu\/sv\/media\/#nadinekamark\" target=\"\">\n\t\t\t\t\t\t\t\t\t\t\t\t<i class='icon-arrow-right'><\/i>\n\t\t\t\t\t\t\t\t\t\t\t<\/a>\n\t\t\t\t\t\t\t\t\t\t\t\t\t\t\t\t\t\t\t\t<p class=\"how-use-nr-white\">01.<\/p>\n<h4 class=\"how-use-title-white\">nadine k\u00e5mark, ambassad\u00f6r<\/h4>\n\t\t\t\t\t\t\t\t\t<\/div>\n\t\t\t\t\t\t\t\t<\/div>\n\t\t\t\t\t\t\t\t\n\t\t\t\t\t\t\t\t<div class=\"glide__slide step-card  image\" style='background-image: url(https:\/\/5-56.eu\/wp-content\/uploads\/2022\/08\/stadsgirot.jpg)'>\n\t\t\t\t\t\t\t\t\t\t\t\t\t\t\t\t\t\t<div class=\"content-wrapper editor-content\">\n\t\t\t\t\t\t\t\t\t\t\t\t\t\t\t\t\t\t\t\t\t\t\t\t\t\t\t\t\t\t\t\t<a class=\"link white\" href=\"https:\/\/5-56.eu\/sv\/media\/#stadsgirot2022\" title=\"https:\/\/5-56.eu\/sv\/media\/#stadsgirot2022\" target=\"\">\n\t\t\t\t\t\t\t\t\t\t\t\t<i class='icon-arrow-right'><\/i>\n\t\t\t\t\t\t\t\t\t\t\t<\/a>\n\t\t\t\t\t\t\t\t\t\t\t\t\t\t\t\t\t\t\t\t<p class=\"how-use-nr-white\">02.<\/p>\n<h4 class=\"how-use-title-white\">crc 5-56 stadsgirot 2023<\/h4>\n\t\t\t\t\t\t\t\t\t<\/div>\n\t\t\t\t\t\t\t\t<\/div>\n\t\t\t\t\t\t\t\t\n\t\t\t\t\t\t\t\t<div class=\"glide__slide step-card  image\" style='background-image: url(https:\/\/5-56.eu\/wp-content\/uploads\/2023\/01\/Bjorn-Johansson-e1674740198248.jpg)'>\n\t\t\t\t\t\t\t\t\t\t\t\t\t\t\t\t\t\t<div class=\"content-wrapper editor-content\">\n\t\t\t\t\t\t\t\t\t\t\t\t\t\t\t\t\t\t\t\t\t\t\t\t\t\t\t\t\t\t\t\t<a class=\"link white\" href=\"https:\/\/5-56.eu\/sv\/media\/#bjorn\" title=\"https:\/\/5-56.eu\/sv\/media\/#bjorn\" target=\"\">\n\t\t\t\t\t\t\t\t\t\t\t\t<i class='icon-arrow-right'><\/i>\n\t\t\t\t\t\t\t\t\t\t\t<\/a>\n\t\t\t\t\t\t\t\t\t\t\t\t\t\t\t\t\t\t\t\t<p class=\"how-use-nr-white\">03.<\/p>\n<h4 class=\"how-use-title-white\"> Tr\u00e4ningsexperterna Guided Heroes och CRC ing\u00e5r samarbete<\/h4>\n\t\t\t\t\t\t\t\t\t<\/div>\n\t\t\t\t\t\t\t\t<\/div>\n\t\t\t\t\t\t\t\t\t\t\t\t\t<\/div>\n\t\t\t\t<\/div>\n\t\t\t<\/div>\n\t\t<\/div>\n\t\t\t\t\t<div class=\"go-to-link-wrapper\">\n\t\t\t\t<a class=\"go-to-link\" href=\"https:\/\/5-56.eu\/sv\/media\/\" title=\"Nyheter\" target=\"\">Nyheter <span class=\"icon-wrapper\"><i class=\"icon-arrow-right\"><\/i><\/span><\/a>\n\t\t\t<\/div>\n\t\t\t<\/div>\n<\/section>\n\n<section id=\"content-with-image-block_308f8832f5cc475370413b8e3f494597\" class=\"block content-with-image content-with-image--center content-with-image--small\">\n\t<div class=\"container\">\n\t\t<div class=\"side-wrapper\">\n\t\t\t<div class=\"content-side\">\n\t\t\t\t<div class=\"editor-content\">\n\t\t\t\t\t<h2><span style=\"color: #339966;\">NYHET!<\/span> 5-56 BIO<\/h2>\n<ul>\n<li>L\u00e4tt biologiskt nedbrytbar (OECD 301B &gt;60 %)<\/li>\n<li>Samma h\u00f6ga kvalit\u00e9 och funktion som originalet<\/li>\n<li>Flera storlekar, b\u00e5de med original sprayhuvud och med Clever-Straw<\/li>\n<\/ul>\n<p><a href=\"https:\/\/www.crcind.com\/crc\/CRCgreenforce.csp?division=consumer\" target=\"_blank\" rel=\"noopener\"><img loading=\"lazy\" decoding=\"async\" class=\"alignnone wp-image-6959 size-thumbnail\" src=\"https:\/\/5-56.eu\/wp-content\/uploads\/2024\/03\/Green-Force-Logo_Emblem_Coloured-1-150x150.png\" alt=\"GREEN FORCE\" width=\"150\" height=\"150\" \/><\/a><\/p>\n<p><a class=\"btn btn-primary btn-sm\" href=\"https:\/\/www.crcind.com\/crc\/CRCgreenforce.csp?division=consumer\" target=\"_blank\" rel=\"noopener\">GREEN FORCE &gt;&gt;&gt;<\/a><\/p>\n\t\t\t\t<\/div>\n\t\t\t<\/div>\n\t\t\t<div class=\"image-side\">\n\t\t\t\t<img loading=\"lazy\" decoding=\"async\" width=\"150\" height=\"389\" src=\"https:\/\/5-56.eu\/wp-content\/uploads\/2024\/02\/1755232_5-56Bio_200ml_Clever-Straw-e1710246957442.jpg\" class=\"attachment-full size-full\" alt=\"5-56 BIO CRC\" \/>\t\t\t<\/div>\n\t\t<\/div>\n\t<\/div>\n<\/section>\n\n\n<section id=\"full-size-image-block_115e9f72c1a91f20059a129eacf8259c\" class=\"block full-size-image height-lg\">\n\t<img loading=\"lazy\" decoding=\"async\" width=\"1920\" height=\"966\" src=\"https:\/\/5-56.eu\/wp-content\/uploads\/2023\/02\/Desktop_img_protectandserve58.jpg\" class=\"attachment-full size-full\" alt=\"5-56\" srcset=\"https:\/\/5-56.eu\/wp-content\/uploads\/2023\/02\/Desktop_img_protectandserve58.jpg 1920w, https:\/\/5-56.eu\/wp-content\/uploads\/2023\/02\/Desktop_img_protectandserve58-1536x773.jpg 1536w\" sizes=\"auto, (max-width: 1920px) 100vw, 1920px\" \/><\/section>\n\n<section id=\"content-with-image-block_d306da6f08db84eff3dc58eedf51eabb\" class=\"block content-with-image content-with-image--center content-with-image--small\">\n\t<div class=\"container\">\n\t\t<div class=\"side-wrapper\">\n\t\t\t<div class=\"content-side\">\n\t\t\t\t<div class=\"editor-content\">\n\t\t\t\t\t<p class=\"how-use-title-black\">second-hand drivgas<\/p>\n<p>Som drivgas i v\u00e5ra flaskor anv\u00e4nder vi \u00e5teranv\u00e4nd CO2. Utsl\u00e4pp som sker vid metalltillverkning tar vi tillvara p\u00e5 och fyller upp v\u00e5ra flaskor med. Det inneb\u00e4r att drivgasen i 5-56 \u00e4r CO2-neutral och samtidigt g\u00f6r produkten l\u00e4ttare att applicera.<\/p>\n<p>Kanske t\u00e4nker du nu \u201cmen \u00e4r inte sprayflaskor d\u00e5ligt f\u00f6r ozonlagret?\u201d Den fr\u00e5gan och m\u00e5nga fler svarar vi p\u00e5 under v\u00e5r fr\u00e5gesektion.<\/p>\n<p><a class=\"btn btn-primary btn-sm\" href=\"https:\/\/5-56.eu\/sv\/5-56\/#faq-block_62961c421203d\">Vanliga fr\u00e5gor<\/a><\/p>\n\t\t\t\t<\/div>\n\t\t\t<\/div>\n\t\t\t<div class=\"image-side\">\n\t\t\t\t<img loading=\"lazy\" decoding=\"async\" width=\"550\" height=\"798\" src=\"https:\/\/5-56.eu\/wp-content\/uploads\/2022\/07\/alla-winner.jpg\" class=\"attachment-full size-full\" alt=\"Alla winner\" \/>\t\t\t<\/div>\n\t\t<\/div>\n\t<\/div>\n<\/section>\n\n\n<section id=\"full-size-image-block_759ba384db48484b6270cb7f9bca26ba\" class=\"block full-size-image height-lg\">\n\t<img loading=\"lazy\" decoding=\"async\" width=\"1920\" height=\"966\" src=\"https:\/\/5-56.eu\/wp-content\/uploads\/2022\/05\/image-of-portrait.jpg\" class=\"attachment-full size-full\" alt=\"5-56 Universal Spray\" srcset=\"https:\/\/5-56.eu\/wp-content\/uploads\/2022\/05\/image-of-portrait.jpg 1920w, https:\/\/5-56.eu\/wp-content\/uploads\/2022\/05\/image-of-portrait-1536x773.jpg 1536w\" sizes=\"auto, (max-width: 1920px) 100vw, 1920px\" \/><\/section>\n\n<section id=\"small-size-content-block_92c0eb81d68341b26659e056614797a9\" class=\"block small-size-content\">\n\t<div class=\"container\">\n\t\t<div class=\"small-wrapper editor-content\">\n\t\t\t<h3 class=\"how-use-title-black\">5-56 historia<\/h3>\n<p>Fr\u00e5n fiskehamnen i Kalifornien p\u00e5 50-talet till din hylla 70 \u00e5r senare. 5-56 har verkligen funnits med l\u00e4nge, f\u00f6renklat m\u00e4nniskors liv och sett till att vi kunnat h\u00e5lla oss i r\u00f6relse. Allt tack vare tv\u00e5 finurliga m\u00e4nniskor som ville hitta en l\u00f6sning p\u00e5 fiskarnas \u00e5terkommande rostproblem.<\/p>\n<p><a class=\"btn btn-primary btn-sm\" href=\"https:\/\/5-56.eu\/sv\/om-oss\/\">Ber\u00e4tta mer!<\/a><\/p>\n\n\t\t\t\t\t<\/div>\n\t\t\t<\/div>\n<\/section>\n\n<section id=\"text-banner-block_8ec5ff7358df4331174d2b3a21e35424\" class=\"block text-banner\">\n\t<div class=\"scroll-text-wrapper\">\n\t\t<p class='text'><span>CRC 5-56 &#8211; SM\u00d6RJMEDEL &#8211; ROSTSKYDD &#8211; RENG\u00d6RINGSSPRAY &#8211; ROSTL\u00d6SARE &#8211; CRC 5-56 &#8211; SM\u00d6RJMEDEL &#8211; ROSTSKYDD &#8211; RENG\u00d6RINGSSPRAY &#8211; ROSTL\u00d6SARE &#8211; CRC 5-56 &#8211; SM\u00d6RJMEDEL &#8211; ROSTSKYDD &#8211; RENG\u00d6RINGSSPRAY &#8211; ROSTL\u00d6SARE &#8211; CRC 5-56 &#8211; SM\u00d6RJMEDEL &#8211; ROSTSKYDD &#8211; RENG\u00d6RINGSSPRAY &#8211; ROSTL\u00d6SARE &#8211;<\/span><\/p><p class='text'><span>CRC 5-56 &#8211; SM\u00d6RJMEDEL &#8211; ROSTSKYDD &#8211; RENG\u00d6RINGSSPRAY &#8211; ROSTL\u00d6SARE &#8211; CRC 5-56 &#8211; SM\u00d6RJMEDEL &#8211; ROSTSKYDD &#8211; RENG\u00d6RINGSSPRAY &#8211; ROSTL\u00d6SARE &#8211; CRC 5-56 &#8211; SM\u00d6RJMEDEL &#8211; ROSTSKYDD &#8211; RENG\u00d6RINGSSPRAY &#8211; ROSTL\u00d6SARE &#8211; CRC 5-56 &#8211; SM\u00d6RJMEDEL &#8211; ROSTSKYDD &#8211; RENG\u00d6RINGSSPRAY &#8211; ROSTL\u00d6SARE &#8211;<\/span><\/p><p class='text'><span>CRC 5-56 &#8211; SM\u00d6RJMEDEL &#8211; ROSTSKYDD &#8211; RENG\u00d6RINGSSPRAY &#8211; ROSTL\u00d6SARE &#8211; CRC 5-56 &#8211; SM\u00d6RJMEDEL &#8211; ROSTSKYDD &#8211; RENG\u00d6RINGSSPRAY &#8211; ROSTL\u00d6SARE &#8211; CRC 5-56 &#8211; SM\u00d6RJMEDEL &#8211; ROSTSKYDD &#8211; RENG\u00d6RINGSSPRAY &#8211; ROSTL\u00d6SARE &#8211; CRC 5-56 &#8211; SM\u00d6RJMEDEL &#8211; ROSTSKYDD &#8211; RENG\u00d6RINGSSPRAY &#8211; ROSTL\u00d6SARE &#8211;<\/span><\/p>\t<\/div>\n<\/section>\n\n<section id=\"full-width-text-block_13708137cf03bf56d7498a6c7bf82e64\" class=\"block full-width-text  with-image\" style=\"background: #ba0c2f\">\n\t\t\t<div class=\"image-wrapper\">\n\t\t\t<img decoding=\"async\" src=\"https:\/\/5-56.eu\/wp-content\/uploads\/2023\/02\/tish-red-2.svg\" class=\"attachment-full size-full\" alt=\"5-56\" \/>\t\t<\/div>\t\n\t\t\t<div class=\"editor-content\">\n\t\t\t<p class=\"large-white-title\" style=\"text-align: center;\">Hur anv\u00e4nder<br \/>\njag 5-56?<\/p>\n\t\t<\/div>\n\t\t\t\t\t\t\t\t<div class=\"go-to-link-wrapper white\">\n\t\t\t\t<a class=\"go-to-link\" href=\"https:\/\/5-56.eu\/sv\/anvandningstips\/\" title=\"Anv\u00e4ndningstips\" target=\"\">Anv\u00e4ndningstips<span class=\"icon-wrapper\"><i class=\"icon-arrow-right\"><\/i><\/span><\/a>\n\t\t\t<\/div>\n\t\t<\/section>","protected":false},"excerpt":{"rendered":"","protected":false},"author":1,"featured_media":0,"parent":0,"menu_order":-1,"comment_status":"closed","ping_status":"closed","template":"","meta":{"_acf_changed":false,"_seopress_robots_primary_cat":"","_seopress_titles_title":"CRC 5-56 | CRC Industries Europe","_seopress_titles_desc":"CRC 5-56 l\u00f6sningen till det mesta. Sm\u00f6rjmedel, rostl\u00f6sare, rostskydd, reng\u00f6ringsspray \u2013 allt i ett!","_seopress_robots_index":"","footnotes":""},"class_list":["post-824","page","type-page","status-publish","hentry"],"acf":[],"_links":{"self":[{"href":"https:\/\/5-56.eu\/sv\/wp-json\/wp\/v2\/pages\/824","targetHints":{"allow":["GET"]}}],"collection":[{"href":"https:\/\/5-56.eu\/sv\/wp-json\/wp\/v2\/pages"}],"about":[{"href":"https:\/\/5-56.eu\/sv\/wp-json\/wp\/v2\/types\/page"}],"author":[{"embeddable":true,"href":"https:\/\/5-56.eu\/sv\/wp-json\/wp\/v2\/users\/1"}],"replies":[{"embeddable":true,"href":"https:\/\/5-56.eu\/sv\/wp-json\/wp\/v2\/comments?post=824"}],"version-history":[{"count":233,"href":"https:\/\/5-56.eu\/sv\/wp-json\/wp\/v2\/pages\/824\/revisions"}],"predecessor-version":[{"id":6964,"href":"https:\/\/5-56.eu\/sv\/wp-json\/wp\/v2\/pages\/824\/revisions\/6964"}],"wp:attachment":[{"href":"https:\/\/5-56.eu\/sv\/wp-json\/wp\/v2\/media?parent=824"}],"curies":[{"name":"wp","href":"https:\/\/api.w.org\/{rel}","templated":true}]}}