{"id":2237,"date":"2022-04-27T10:28:32","date_gmt":"2022-04-27T10:28:32","guid":{"rendered":"https:\/\/5-56.eu\/om-oss\/"},"modified":"2023-03-29T12:25:33","modified_gmt":"2023-03-29T12:25:33","slug":"om-os-og-kontakt","status":"publish","type":"page","link":"https:\/\/5-56.eu\/da\/om-os-og-kontakt\/","title":{"rendered":"Om os og kontakt"},"content":{"rendered":"<section id=\"big-image-block_6295aebb34ecc\" class=\"block big-image\">\n\t<div class=\"container\">\n\t\t\t<\/div>\n<\/section>\n\n<section id=\"small-size-content-block_6295afa934ecd\" class=\"block small-size-content\">\n\t<div class=\"container\">\n\t\t<div class=\"small-wrapper editor-content\">\n\t\t\t<h2>Om CRC og 5-56<\/h2>\n<p class=\"preamble\">5-56-sagaen begynder ved Californiens kyst i 1950\u2019erne. Der havde fiskerne i havnen hele tiden <strong>problemer med korrosion<\/strong> p\u00e5 deres b\u00e5de og br\u00e6ndstoftanke.  Problemerne var s\u00e5 omfattende, at to opfindere besluttede sig for at tage sagen i egne h\u00e6nder og finde en l\u00f8sning.<\/p>\n<p>Olie virkede, det vidste de. Der manglede bare nogle lidt andre egenskaber. De \u00f8nskede, at den skulle have en bedre indtr\u00e6ngningsevne, holde l\u00e6ngere, beskytte mod rust og sm\u00f8re bedre under tryk. Efter mange fors\u00f8g fandt de til sidst frem til en blanding, de var tilfredse med. Og det var <strong>ikke en hvilken som helst blanding, det var 5-56.<\/strong><\/p>\n\n\t\t\t\t\t\t\t<div class=\"show-more-wrapper\">\n\t\t\t\t\t<p><strong>5-56 l\u00f8ste alle de problemer,<\/strong> som erhvervsfiskerne havde haft med korrosion, men den vist sig ogs\u00e5 at v\u00e6re anvendelig til andre form\u00e5l. Rustne forbindelser, fugtig elektronik, tilsodede dele\u2026 Anvendelsesmulighederne blev bare flere og flere.<\/p>\n<p>Eftersp\u00f8rgslen steg dramatisk, og dunkene p\u00e5 5 gallons (19 liter) i garagen blev for sm\u00e5. S\u00e5 en st\u00f8rre produktion blev iv\u00e6rksat. Ved hj\u00e6lp af en tankbil, der kunne rumme 6.000 gallons (22.712 liter) bes\u00f8gte de fem forskellige leverand\u00f8rer for at k\u00f8be de ingredienser, som gav olien dens unikke egenskaber. <strong>Og det var her id\u00e9en til navnet opstod.<\/strong> De havde fra begyndelsen 5 gallons-dunke, og med ingredienser fra 5 producenter havde de nu fyldt en tankbil, som kunne rumme 6 tusinde gallons: <strong>5-56.<\/strong><\/p>\n<p>Et par \u00e5r senere fik iv\u00e6rks\u00e6tteren Charles J. Webb nys om, at 5-56 gik som varmt br\u00f8d p\u00e5 vestkysten, og han s\u00e5 han straks en mulighed. Han rejste til Californien for at f\u00e5 flere oplysninger, og de besluttede, at Charles skulle st\u00e5 for distributionen af produktet \u00f8st for Mississippi-floden og i Europa. Charles grundlagde senere virksomheden <strong>Corrosion Reaction Consultants, <a href=\"http:\/\/www.crcind.com\/crc\/\" target=\"_blank\" rel=\"noopener\">CRC<\/a>.<\/strong><\/p>\n<p>I dag har CRC mange forskellige produkter samt kontorer rundt omkring i hele verden. 5-56 kan b\u00e5de v\u00e6re <strong>l\u00f8sningen og begyndelsen p\u00e5 noget stort.<\/strong><\/p>\n\t\t\t\t<\/div>\n\t\t\t\t\t<\/div>\n\t\t<p class=\"small-size-content__button\"><a  data-show-more=\"Vis mere\" data-show-less=\"Vis mindre\"href=\"#\"><span>Vis mere<\/span><svg width=\"60\" height=\"60\" fill=\"none\" xmlns=\"http:\/\/www.w3.org\/2000\/svg\"><path fill-rule=\"evenodd\" clip-rule=\"evenodd\" d=\"M4 30c0 14.36 11.64 26 26 26s26-11.64 26-26S44.36 4 30 4 4 15.64 4 30zm-4 0c0 16.569 13.431 30 30 30 16.569 0 30-13.431 30-30C60 13.431 46.569 0 30 0 13.431 0 0 13.431 0 30z\" fill=\"#000\"\/><path fill-rule=\"evenodd\" clip-rule=\"evenodd\" d=\"M38.519 33.699a2 2 0 01-.218 2.82l-6.974 5.977a1.99 1.99 0 01-1.7.47 1.98 1.98 0 01-.954-.47l-6.974-5.977a2 2 0 112.603-3.038L28 36.651V19a2 2 0 114 0v17.652l3.698-3.17a2 2 0 012.82.217z\" fill=\"#212121\"\/><\/svg><\/a><\/p>\t<\/div>\n<\/section>\n\n<section id=\"content-with-image-block_62ceaf6662c18\" class=\"block content-with-image content-with-image--center content-with-image--wide\">\n\t<div class=\"container\">\n\t\t<div class=\"side-wrapper\">\n\t\t\t<div class=\"content-side\">\n\t\t\t\t<div class=\"editor-content\">\n\t\t\t\t\t<h2>Milj\u00f8 og b\u00e6redygtighed<\/h2>\n<p class=\"preamble\" style=\"text-align: left;\">Ingen kan g\u00f8re alt, men alle kan g\u00f8re noget. Med 5-56 kan du vedligeholde dine ejendele, s\u00e5 de holder l\u00e6ngere, i stedet for at k\u00f8bet nyt. Det vinder vi alle p\u00e5 i l\u00e6ngden. Vores bidrag her hos CRC er hele tiden at fors\u00f8ge at forbedre os. For at g\u00f8re 5-56 mere milj\u00f8venlig har vi blandt andet:<\/p>\n<ul>\n<li style=\"text-align: left;\">Genvundet CO2 som drivgas i vores flasker. Vores CO2 kommer fra metalproduktion, og vi udnytter den frem for at slippe den ud. Ud over den milj\u00f8m\u00e6ssige fordel giver det plads til ca. 40 % mere af det aktive produkt i d\u00e5sen \u2013 hvilket giver en l\u00e6ngere holdbarhed, mindre transport og mindre affald. En flaske 5-56 holder op til fire gange l\u00e6ngere end et tilsvarende produkt.<\/li>\n<p><\/p>\n<li>Flasker fremstillet af genvundet metal. Hvorfor? Fordi metal er et fantastisk materiale, som kan genvindes et uendeligt antal gange. Vores sprayflasker er alts\u00e5 allerede genvundet og bliver det igen, n\u00e5r d\u00e5sen er brugt op og afleveret p\u00e5 genbrugsstationen.<\/li>\n<\/ul>\n<p>\nVi kan altid blive bedre. Hold \u00f8jnene \u00e5bne, vi arbejder til stadighed p\u00e5 at udvikle og forfine vores processer og produkter.<\/p>\n\t\t\t\t<\/div>\n\t\t\t<\/div>\n\t\t\t<div class=\"image-side\">\n\t\t\t\t<img loading=\"lazy\" decoding=\"async\" width=\"3573\" height=\"5359\" src=\"https:\/\/5-56.eu\/wp-content\/uploads\/2022\/09\/shopping-bag.png\" class=\"attachment-full size-full\" alt=\"\" srcset=\"https:\/\/5-56.eu\/wp-content\/uploads\/2022\/09\/shopping-bag.png 3573w, https:\/\/5-56.eu\/wp-content\/uploads\/2022\/09\/shopping-bag-1024x1536.png 1024w, https:\/\/5-56.eu\/wp-content\/uploads\/2022\/09\/shopping-bag-1365x2048.png 1365w\" sizes=\"auto, (max-width: 3573px) 100vw, 3573px\" \/>\t\t\t<\/div>\n\t\t<\/div>\n\t<\/div>\n<\/section>\n\n<section id=\"zigzag-columns-block_6295ba0b7e28b\" class=\"block zigzag-columns\">\n\t<div class=\"container\">\n\t\t<h2 class=\"zigzag-columns__header section-title\">Kontakt os<\/h2>\t\t\t\t\t\t\t\t\t<article class=\"zigzag-columns__row\">\n\n\t<figure class=\"zigzag-columns__image\"><img loading=\"lazy\" decoding=\"async\" width=\"661\" height=\"410\" src=\"https:\/\/5-56.eu\/wp-content\/uploads\/2022\/05\/phone.jpg\" class=\"attachment-full size-full\" alt=\"5-56 Universal Spray\" \/><\/figure>\n\t<div class=\"zigzag-columns__content editor-content\">\n\t\t\t\t\t<h3 class=\"zigzag-columns__title h2\">Kundeservice<\/h3>\t\t\t<p class=\"zigzag-columns__preamble preamble\">Hvordan f\u00e5r jeg 5-56 ud af flasken? Kan jeg bruge 5-56 p\u00e5 bilen? Ingen sp\u00f8rgsm\u00e5l er for store eller sm\u00e5 til vores kundeservice.<\/p>\n\t\t\t\t\t\t\t<div class=\"zigzag-columns__contact-blocks\">\n\t\t\t\t\t\t\t\t\t\t\t\t\t\t\t\t\t<div class=\"zigzag-columns__contact-block\">\n\t\t\t\t\t\t\t<svg width=\"52\" height=\"52\" fill=\"none\" xmlns=\"http:\/\/www.w3.org\/2000\/svg\"><path d=\"M33.647 18.626a5.407 5.407 0 11-10.815 0 5.407 5.407 0 0110.815 0z\" fill=\"#BA0C2F\"\/><path d=\"M11.415 51.67h33.646a6.615 6.615 0 006.609-6.608V6.608A6.615 6.615 0 0045.061 0H11.415a6.614 6.614 0 00-6.609 6.609v5.407H1.802a1.802 1.802 0 100 3.605h3.004v8.411H1.802a1.802 1.802 0 100 3.605h3.004v8.412H1.802a1.802 1.802 0 100 3.605h3.004v5.407a6.613 6.613 0 006.61 6.609zm5.408-16.222a11.368 11.368 0 015.767-9.853 9.012 9.012 0 1111.296 0 11.373 11.373 0 015.768 9.853v2.404a1.802 1.802 0 01-3.605 0v-2.404a7.81 7.81 0 00-15.622 0v2.404a1.802 1.802 0 01-3.604 0v-2.404z\" fill=\"#BA0C2F\"\/><path d=\"M11.415 51.67h33.646a6.615 6.615 0 006.609-6.608V6.608A6.615 6.615 0 0045.061 0H11.415a6.614 6.614 0 00-6.609 6.609v5.407H1.802a1.802 1.802 0 100 3.605h3.004v8.411H1.802a1.802 1.802 0 100 3.605h3.004v8.412H1.802a1.802 1.802 0 100 3.605h3.004v5.407a6.613 6.613 0 006.61 6.609zm5.408-16.222a11.368 11.368 0 015.767-9.853 9.012 9.012 0 1111.296 0 11.373 11.373 0 015.768 9.853v2.404a1.802 1.802 0 01-3.605 0v-2.404a7.81 7.81 0 00-15.622 0v2.404a1.802 1.802 0 01-3.604 0v-2.404z\" fill=\"#BA0C2F\"\/><\/svg>\t\t\t\t\t\t\t<p class=\"info\">\n\t\t\t\t\t\t\t\t\t\t\t\t\t\t\t\t\t<span class=\"title\">CRC Industries Denmark<\/span>\n\t\t\t\t\t\t\t\t\t\t\t\t\t\t\t\t\t\t\t\t\t\t\t\t\t\t\t\t\t\t\t\t\t<span class=\"email\">\n\t\t\t\t\t\t\t\t\t\t<a href=\"mailto:http:\/\/info.dk@crcind.com\">\n\t\t\t\t\t\t\t\t\t\t\tinfo.dk@crcind.com\t\t\t\t\t\t\t\t\t\t<\/a>\n\t\t\t\t\t\t\t\t\t<\/span>\n\t\t\t\t\t\t\t\t\t\t\t\t\t\t\t\t\t\t\t\t\t\t\t<\/p>\n\t\t\t\t\t\t<\/div>\n\t\t\t\t\t\t\t\t\t<\/div>\n\t\t\t\t\t\t<\/div>\n\n<\/article> \t\t\t\t\t\t\t<article class=\"zigzag-columns__row\">\n\n\t<figure class=\"zigzag-columns__image\"><img loading=\"lazy\" decoding=\"async\" width=\"661\" height=\"410\" src=\"https:\/\/5-56.eu\/wp-content\/uploads\/2022\/05\/samarbeten.jpg\" class=\"attachment-full size-full\" alt=\"5-56 Universal Spray\" \/><\/figure>\n\t<div class=\"zigzag-columns__content editor-content\">\n\t\t\t\t\t<h3 class=\"zigzag-columns__title h2\">Samarbejde<\/h3>\t\t\t<p class=\"zigzag-columns__preamble preamble\">Vi er altid interesserede i nye samarbejder med alt fra TikTok-influencere til tv-serier. Tal med Marita, der er vores marketingchef, s\u00e5 kan I skabe magi sammen!<\/p>\n\t\t\t\t\t\t\t<div class=\"zigzag-columns__contact-blocks\">\n\t\t\t\t\t\t\t\t\t\t\t\t\t\t\t\t\t<div class=\"zigzag-columns__contact-block\">\n\t\t\t\t\t\t\t<svg width=\"52\" height=\"52\" fill=\"none\" xmlns=\"http:\/\/www.w3.org\/2000\/svg\"><path d=\"M33.647 18.626a5.407 5.407 0 11-10.815 0 5.407 5.407 0 0110.815 0z\" fill=\"#BA0C2F\"\/><path d=\"M11.415 51.67h33.646a6.615 6.615 0 006.609-6.608V6.608A6.615 6.615 0 0045.061 0H11.415a6.614 6.614 0 00-6.609 6.609v5.407H1.802a1.802 1.802 0 100 3.605h3.004v8.411H1.802a1.802 1.802 0 100 3.605h3.004v8.412H1.802a1.802 1.802 0 100 3.605h3.004v5.407a6.613 6.613 0 006.61 6.609zm5.408-16.222a11.368 11.368 0 015.767-9.853 9.012 9.012 0 1111.296 0 11.373 11.373 0 015.768 9.853v2.404a1.802 1.802 0 01-3.605 0v-2.404a7.81 7.81 0 00-15.622 0v2.404a1.802 1.802 0 01-3.604 0v-2.404z\" fill=\"#BA0C2F\"\/><path d=\"M11.415 51.67h33.646a6.615 6.615 0 006.609-6.608V6.608A6.615 6.615 0 0045.061 0H11.415a6.614 6.614 0 00-6.609 6.609v5.407H1.802a1.802 1.802 0 100 3.605h3.004v8.411H1.802a1.802 1.802 0 100 3.605h3.004v8.412H1.802a1.802 1.802 0 100 3.605h3.004v5.407a6.613 6.613 0 006.61 6.609zm5.408-16.222a11.368 11.368 0 015.767-9.853 9.012 9.012 0 1111.296 0 11.373 11.373 0 015.768 9.853v2.404a1.802 1.802 0 01-3.605 0v-2.404a7.81 7.81 0 00-15.622 0v2.404a1.802 1.802 0 01-3.604 0v-2.404z\" fill=\"#BA0C2F\"\/><\/svg>\t\t\t\t\t\t\t<p class=\"info\">\n\t\t\t\t\t\t\t\t\t\t\t\t\t\t\t\t\t<span class=\"title\">Marita Bj\u00f6rklund<\/span>\n\t\t\t\t\t\t\t\t\t\t\t\t\t\t\t\t\t\t\t\t\t\t\t\t\t\t\t\t\t\t\t\t\t<span class=\"email\">\n\t\t\t\t\t\t\t\t\t\t<a href=\"mailto:http:\/\/marita.bjorklund@crcind.com\">\n\t\t\t\t\t\t\t\t\t\t\tmarita.bjorklund@crcind.com\t\t\t\t\t\t\t\t\t\t<\/a>\n\t\t\t\t\t\t\t\t\t<\/span>\n\t\t\t\t\t\t\t\t\t\t\t\t\t\t\t\t\t\t\t\t\t\t\t<\/p>\n\t\t\t\t\t\t<\/div>\n\t\t\t\t\t\t\t\t\t<\/div>\n\t\t\t\t\t\t<\/div>\n\n<\/article> \t\t\t\t\t\t<\/div>\n<\/section>\n\n<section id=\"policy-block-block_62d132d8dba19\" class=\"block policy-block\" style=\"background: rgba(0, 80 , 100 , 0.05)\">\n\t<div class=\"container\">\n\t\t<h2 class=\"policy-block__header section-title\">GDPR<\/h2>\n\t\t<div class=\"editor-content\">\n\t\t\t\t\t\t\t<p style=\"text-align: center;\">Du kan f\u00f8le dig helt tryg, n\u00e5r du bes\u00f8ger vores hjemmeside og eventuelt betror os dine personoplysninger (hvis du f.eks. udfylder en formular p\u00e5 hjemmesiden). Du kan <a href=\"https:\/\/5-56.eu\/integritetspolicy\/\">l\u00e6se mere i vores integritetspolitik,<\/a> som er baseret p\u00e5 den g\u00e6ldende databeskyttelseslovgivning.<\/p>\n\t\t\t\t\t<\/div>\n\t<\/div>\n<\/section>","protected":false},"excerpt":{"rendered":"","protected":false},"author":1,"featured_media":0,"parent":0,"menu_order":0,"comment_status":"closed","ping_status":"closed","template":"","meta":{"_acf_changed":false,"_seopress_robots_primary_cat":"","_seopress_titles_title":"Om os og kontakt | CRC 5-56 ","_seopress_titles_desc":"F\u00e5 mere at vide om CRC, historien bag 5-56 og vores arbejde i forhold til milj\u00f8 og b\u00e6redygtighed. Du finder vores kontaktoplysninger her.","_seopress_robots_index":"","footnotes":""},"class_list":["post-2237","page","type-page","status-publish","hentry"],"acf":[],"_links":{"self":[{"href":"https:\/\/5-56.eu\/da\/wp-json\/wp\/v2\/pages\/2237","targetHints":{"allow":["GET"]}}],"collection":[{"href":"https:\/\/5-56.eu\/da\/wp-json\/wp\/v2\/pages"}],"about":[{"href":"https:\/\/5-56.eu\/da\/wp-json\/wp\/v2\/types\/page"}],"author":[{"embeddable":true,"href":"https:\/\/5-56.eu\/da\/wp-json\/wp\/v2\/users\/1"}],"replies":[{"embeddable":true,"href":"https:\/\/5-56.eu\/da\/wp-json\/wp\/v2\/comments?post=2237"}],"version-history":[{"count":43,"href":"https:\/\/5-56.eu\/da\/wp-json\/wp\/v2\/pages\/2237\/revisions"}],"predecessor-version":[{"id":6741,"href":"https:\/\/5-56.eu\/da\/wp-json\/wp\/v2\/pages\/2237\/revisions\/6741"}],"wp:attachment":[{"href":"https:\/\/5-56.eu\/da\/wp-json\/wp\/v2\/media?parent=2237"}],"curies":[{"name":"wp","href":"https:\/\/api.w.org\/{rel}","templated":true}]}}